{"id":276,"date":"2019-06-17T05:34:41","date_gmt":"2019-06-17T05:34:41","guid":{"rendered":"https:\/\/vanhaonkicom.test.cchosting.fi\/?page_id=276"},"modified":"2019-06-17T06:02:50","modified_gmt":"2019-06-17T06:02:50","slug":"ostamme","status":"publish","type":"page","link":"https:\/\/vanhaonkicom.test.cchosting.fi\/?page_id=276","title":{"rendered":"Ostamme"},"content":{"rendered":"\n<p>Otamme vastaan huutokauppoihin tavaraa, mutta my\u00f6s ostamme\nsuoraan vanhoja kalastusv\u00e4lineit\u00e4. Ostamme vanhoja uistimia, &nbsp;perhokeloja,&nbsp;\nlohiperhoja, &nbsp;kalastuskeloja,&nbsp; pienpainatteita &nbsp;sek\u00e4 kirjallisuutta.<\/p>\n\n\n\n<p>L\u00e4het\u00e4 meille tiedustelu yhteyslomakkeen kautta.<\/p>\n\n\n\n<p><strong>Uistimet<\/strong><\/p>\n\n\n\n<figure class=\"wp-block-image\"><img data-recalc-dims=\"1\" loading=\"lazy\" decoding=\"async\" width=\"840\" height=\"483\" src=\"https:\/\/i0.wp.com\/vanhaonkicom.test.cchosting.fi\/wp-content\/uploads\/2019\/06\/1.jpg?resize=840%2C483&#038;ssl=1\" alt=\"\" class=\"wp-image-281\" srcset=\"https:\/\/i0.wp.com\/vanhaonkicom.test.cchosting.fi\/wp-content\/uploads\/2019\/06\/1.jpg?resize=1024%2C589&amp;ssl=1 1024w, https:\/\/i0.wp.com\/vanhaonkicom.test.cchosting.fi\/wp-content\/uploads\/2019\/06\/1.jpg?resize=300%2C172&amp;ssl=1 300w, https:\/\/i0.wp.com\/vanhaonkicom.test.cchosting.fi\/wp-content\/uploads\/2019\/06\/1.jpg?resize=768%2C442&amp;ssl=1 768w, https:\/\/i0.wp.com\/vanhaonkicom.test.cchosting.fi\/wp-content\/uploads\/2019\/06\/1.jpg?w=1134&amp;ssl=1 1134w\" sizes=\"auto, (max-width: 709px) 85vw, (max-width: 909px) 67vw, (max-width: 1362px) 62vw, 840px\" \/><figcaption> <em>Vanha tamperelainen Tulos-vaappu.<\/em> <\/figcaption><\/figure>\n\n\n\n<p>Kotimaiset vanhat uistimet ovat ker\u00e4ilij\u00f6iden suosikkeja. Ostamme kotimaisia uistimia ja uistineri\u00e4 koko ajan. Asikkalan seutu, Helsingin seutu,\u00a0 Oulun seutu ja Joensuun seutu ovat ne alueet,\u00a0 joista seura on ostanut eniten uistimia vuosien varrella. Mutta l\u00e4hes kaikki paikkakunnat Hangosta Nuorgamin ovat tuttuja. \u00a0Monet ker\u00e4ilij\u00e4t ja uistimentekij\u00f6iden sukulaiset ovat myyneet meille uistimia useiden vuosien ajan.<br>Kaikkien uistimien ei tarvitse olla hienoja. Usein vaatimattoman n\u00e4k\u00f6iset uistimet saattavat yll\u00e4tt\u00e4\u00e4. Esimerkiksi erakko Toivo Pylv\u00e4l\u00e4isen vaapuista maksetaan hyvi\u00e4 hintoja.<\/p>\n\n\n\n<figure class=\"wp-block-image\"><img data-recalc-dims=\"1\" loading=\"lazy\" decoding=\"async\" width=\"840\" height=\"491\" src=\"https:\/\/i0.wp.com\/vanhaonkicom.test.cchosting.fi\/wp-content\/uploads\/2019\/06\/2.jpg?resize=840%2C491&#038;ssl=1\" alt=\"\" class=\"wp-image-282\" srcset=\"https:\/\/i0.wp.com\/vanhaonkicom.test.cchosting.fi\/wp-content\/uploads\/2019\/06\/2.jpg?resize=1024%2C599&amp;ssl=1 1024w, https:\/\/i0.wp.com\/vanhaonkicom.test.cchosting.fi\/wp-content\/uploads\/2019\/06\/2.jpg?resize=300%2C175&amp;ssl=1 300w, https:\/\/i0.wp.com\/vanhaonkicom.test.cchosting.fi\/wp-content\/uploads\/2019\/06\/2.jpg?resize=768%2C449&amp;ssl=1 768w, https:\/\/i0.wp.com\/vanhaonkicom.test.cchosting.fi\/wp-content\/uploads\/2019\/06\/2.jpg?w=1742&amp;ssl=1 1742w, https:\/\/i0.wp.com\/vanhaonkicom.test.cchosting.fi\/wp-content\/uploads\/2019\/06\/2.jpg?w=1680&amp;ssl=1 1680w\" sizes=\"auto, (max-width: 709px) 85vw, (max-width: 909px) 67vw, (max-width: 1362px) 62vw, 840px\" \/><figcaption> Er<em>akko Toivo Pylv\u00e4l\u00e4isen vaappu ja alkuper\u00e4inen rasia.<\/em> <\/figcaption><\/figure>\n\n\n\n<p><br><\/p>\n\n\n\n<figure class=\"wp-block-image\"><img data-recalc-dims=\"1\" loading=\"lazy\" decoding=\"async\" width=\"840\" height=\"415\" src=\"https:\/\/i0.wp.com\/vanhaonkicom.test.cchosting.fi\/wp-content\/uploads\/2019\/06\/3.jpg?resize=840%2C415&#038;ssl=1\" alt=\"\" class=\"wp-image-283\" srcset=\"https:\/\/i0.wp.com\/vanhaonkicom.test.cchosting.fi\/wp-content\/uploads\/2019\/06\/3.jpg?resize=1024%2C506&amp;ssl=1 1024w, https:\/\/i0.wp.com\/vanhaonkicom.test.cchosting.fi\/wp-content\/uploads\/2019\/06\/3.jpg?resize=300%2C148&amp;ssl=1 300w, https:\/\/i0.wp.com\/vanhaonkicom.test.cchosting.fi\/wp-content\/uploads\/2019\/06\/3.jpg?resize=768%2C379&amp;ssl=1 768w, https:\/\/i0.wp.com\/vanhaonkicom.test.cchosting.fi\/wp-content\/uploads\/2019\/06\/3.jpg?w=1134&amp;ssl=1 1134w\" sizes=\"auto, (max-width: 709px) 85vw, (max-width: 909px) 67vw, (max-width: 1362px) 62vw, 840px\" \/><figcaption>Hyv\u00e4kuntoisista Oulunseudun p\u00e4t\u00e4k\u00f6ist\u00e4 seura maksaa hyvi\u00e4 hintoja. <\/figcaption><\/figure>\n\n\n\n<p>Herman Renfors, Jesse-vaaput Jaakko Huhti, Jorma Turusen Turus-Ukko, Jouko Niemivaaran Jan-vaappu,   Kaleva-vaappu,  Kultaseppien lusikkauistimet,  Vanhat P\u00e4t\u00e4k\u00e4t, LGH Gunnar Hacklin, Rapalat 40-50 luku, Sulkavaaput,  Tammer Uistin, erakko Toivo Pylv\u00e4l\u00e4isen vaaput,  Tulos ja Tuulos vaappu. Vanhat Uistimien laatikot kannattaa s\u00e4ilytt\u00e4\u00e4 ne nostavat tuotteen hintaan.<br> Ulkolaisista uistimista kannattaa tarjota vanhoja antiikkisia metallikaloja, sek\u00e4 Arjonin, Creek Chubin ja Heddonin uistimia. <\/p>\n\n\n\n<figure class=\"wp-block-image\"><img data-recalc-dims=\"1\" loading=\"lazy\" decoding=\"async\" width=\"840\" height=\"335\" src=\"https:\/\/i0.wp.com\/vanhaonkicom.test.cchosting.fi\/wp-content\/uploads\/2019\/06\/4-1.jpg?resize=840%2C335&#038;ssl=1\" alt=\"\" class=\"wp-image-293\" srcset=\"https:\/\/i0.wp.com\/vanhaonkicom.test.cchosting.fi\/wp-content\/uploads\/2019\/06\/4-1.jpg?w=873&amp;ssl=1 873w, https:\/\/i0.wp.com\/vanhaonkicom.test.cchosting.fi\/wp-content\/uploads\/2019\/06\/4-1.jpg?resize=300%2C120&amp;ssl=1 300w, https:\/\/i0.wp.com\/vanhaonkicom.test.cchosting.fi\/wp-content\/uploads\/2019\/06\/4-1.jpg?resize=768%2C306&amp;ssl=1 768w\" sizes=\"auto, (max-width: 709px) 85vw, (max-width: 909px) 67vw, (max-width: 1362px) 62vw, 840px\" \/><figcaption>Jouko Nienivaaran Jan-vaapuista ker\u00e4ilij\u00e4t maksavat kovia hintoja.<\/figcaption><\/figure>\n\n\n\n<p><strong>Abu<\/strong><br> Abu tavaraa on paljon maassamme. Erityisesti vanhat hyv\u00e4kuntoiset kalastuskelat alkuper\u00e4isess\u00e4 laatikossa kiinnostavat seuramme j\u00e4seni\u00e4.  Abun historian kulta-aika ajoittui Suomessa 1950 \u2013 60 luvuille. <\/p>\n\n\n\n<p><strong>Lohiperhot <\/strong><br> Kotimaisten lohiperhot kiinnostavat ker\u00e4ilij\u00f6it\u00e4. Jos sinulla on suurempi m\u00e4\u00e4r\u00e4 vanhoja kotimaisia lohi- tai taimenperhoja, niin ne kiinnostavat seuraamme. Tarjoa rohkeasti Kalkkisten kosken rumiakin seurallemme, ne ovat historiallisesti mielenkiintoisia. My\u00f6s perhonsitojien historiallinen sidontav\u00e4lineist\u00f6, sek\u00e4 vanhat koukut, silkit, langat ja sulat kiinnostavat seuraa. \u00c4l\u00e4 heit\u00e4 niit\u00e4 turhaan pois.<br><strong><br> Tasapainopilkit<\/strong><br> Maassamme on hieno tasapainopilkkikulttuuri. Vanhat h\u00e4meenseudun tasapainopilkit kiinnostavat erityisesti ker\u00e4ilij\u00f6it\u00e4. Tampereella on aikoinaan tehty mielenkiintoisia tasapainopilkkej\u00e4 ruokatunneilla ja iltaisin. Hienoa, ett\u00e4 saamme t\u00e4t\u00e4kin kulttuurin muotoa tallennettua. Monet vanhat tasapainopilkit ovat k\u00e4sity\u00f6taidon mestariteoksia.<\/p>\n\n\n\n<figure class=\"wp-block-image\"><img data-recalc-dims=\"1\" loading=\"lazy\" decoding=\"async\" width=\"840\" height=\"400\" src=\"https:\/\/i0.wp.com\/vanhaonkicom.test.cchosting.fi\/wp-content\/uploads\/2019\/06\/5.jpg?resize=840%2C400&#038;ssl=1\" alt=\"\" class=\"wp-image-285\" srcset=\"https:\/\/i0.wp.com\/vanhaonkicom.test.cchosting.fi\/wp-content\/uploads\/2019\/06\/5.jpg?resize=1024%2C488&amp;ssl=1 1024w, https:\/\/i0.wp.com\/vanhaonkicom.test.cchosting.fi\/wp-content\/uploads\/2019\/06\/5.jpg?resize=300%2C143&amp;ssl=1 300w, https:\/\/i0.wp.com\/vanhaonkicom.test.cchosting.fi\/wp-content\/uploads\/2019\/06\/5.jpg?resize=768%2C366&amp;ssl=1 768w, https:\/\/i0.wp.com\/vanhaonkicom.test.cchosting.fi\/wp-content\/uploads\/2019\/06\/5.jpg?w=1134&amp;ssl=1 1134w\" sizes=\"auto, (max-width: 709px) 85vw, (max-width: 909px) 67vw, (max-width: 1362px) 62vw, 840px\" \/><figcaption>Tamperelainen Aaro Sillanp\u00e4\u00e4n tasapainopilkki.<\/figcaption><\/figure>\n\n\n\n<p><strong>Pienpainatteet<\/strong><\/p>\n\n\n\n<figure class=\"wp-block-image\"><img data-recalc-dims=\"1\" loading=\"lazy\" decoding=\"async\" width=\"840\" height=\"560\" src=\"https:\/\/i0.wp.com\/vanhaonkicom.test.cchosting.fi\/wp-content\/uploads\/2019\/06\/6.jpg?resize=840%2C560&#038;ssl=1\" alt=\"\" class=\"wp-image-286\" srcset=\"https:\/\/i0.wp.com\/vanhaonkicom.test.cchosting.fi\/wp-content\/uploads\/2019\/06\/6.jpg?resize=1024%2C683&amp;ssl=1 1024w, https:\/\/i0.wp.com\/vanhaonkicom.test.cchosting.fi\/wp-content\/uploads\/2019\/06\/6.jpg?resize=300%2C200&amp;ssl=1 300w, https:\/\/i0.wp.com\/vanhaonkicom.test.cchosting.fi\/wp-content\/uploads\/2019\/06\/6.jpg?resize=768%2C512&amp;ssl=1 768w, https:\/\/i0.wp.com\/vanhaonkicom.test.cchosting.fi\/wp-content\/uploads\/2019\/06\/6.jpg?w=1134&amp;ssl=1 1134w\" sizes=\"auto, (max-width: 709px) 85vw, (max-width: 909px) 67vw, (max-width: 1362px) 62vw, 840px\" \/><\/figure>\n\n\n\n<p>Kaikki vanhat kalastusv\u00e4lineluettelot 1850 \u2013 1960 v\u00e4liselt\u00e4 ajalta. Erityisen mielenkiintoisia olisivat viipurilaiset vanhat kalastusv\u00e4lineluettelot, sek\u00e4 Herman Renforsin ja  Onni Lindeb\u00e4ckin luettelot. My\u00f6s kaikki muut kotimaiset luettelot ovat t\u00e4rkeit\u00e4 tiedon tallentamisen kannalta.  Vanhoja kalastusv\u00e4lineluetteloita ei miss\u00e4\u00e4n nimess\u00e4 kannattaa heitt\u00e4\u00e4 pois, olivat ne mink\u00e4maalaisia tahansa. Hardy, Heddon, Schr\u00f6der ja  Stockmann ovat haluttuja ker\u00e4ilij\u00f6iden keskuudessa.<br> Saatat ilahtua positiivisesti hinnasta, jonka saat vanhasta hyv\u00e4st\u00e4 luettelosta.<\/p>\n\n\n\n<p><strong>Kelat<\/strong><br> Vanhat kelat Abu, Arjon, Hardy, Herman Renfors ja Vicktory kiinnostavat seuramme j\u00e4seni\u00e4. Samoin kaikki Suomessa tehdyt vanhat kelat, jotka on valmistettu <br>Tampereella , Petsamossa ja Viipurissa.<\/p>\n\n\n\n<figure class=\"wp-block-image\"><img data-recalc-dims=\"1\" loading=\"lazy\" decoding=\"async\" width=\"840\" height=\"620\" src=\"https:\/\/i0.wp.com\/vanhaonkicom.test.cchosting.fi\/wp-content\/uploads\/2019\/06\/7.jpg?resize=840%2C620&#038;ssl=1\" alt=\"\" class=\"wp-image-287\" srcset=\"https:\/\/i0.wp.com\/vanhaonkicom.test.cchosting.fi\/wp-content\/uploads\/2019\/06\/7.jpg?resize=1024%2C756&amp;ssl=1 1024w, https:\/\/i0.wp.com\/vanhaonkicom.test.cchosting.fi\/wp-content\/uploads\/2019\/06\/7.jpg?resize=300%2C221&amp;ssl=1 300w, https:\/\/i0.wp.com\/vanhaonkicom.test.cchosting.fi\/wp-content\/uploads\/2019\/06\/7.jpg?resize=768%2C567&amp;ssl=1 768w, https:\/\/i0.wp.com\/vanhaonkicom.test.cchosting.fi\/wp-content\/uploads\/2019\/06\/7.jpg?w=1134&amp;ssl=1 1134w\" sizes=\"auto, (max-width: 709px) 85vw, (max-width: 909px) 67vw, (max-width: 1362px) 62vw, 840px\" \/><figcaption>Hardy Perfect perhokela ja kaksihaarainen lohiperho.<\/figcaption><\/figure>\n\n\n\n<p><strong>Muu esineist\u00f6<\/strong><br> Kaikki urheilukalastukseen liittyv\u00e4 esineist\u00f6 kiinnostaa j\u00e4seni\u00e4mme ja kannattaa tarjota niit\u00e4 meille. Kalap\u00e4iv\u00e4kirjat, kunniakirjat, mainokset, mainostaulut, taide ja muu kalastusesineist\u00f6 kiinnostaa seuraa.<br><\/p>\n\n\n\n<figure class=\"wp-block-image\"><img data-recalc-dims=\"1\" loading=\"lazy\" decoding=\"async\" width=\"840\" height=\"931\" src=\"https:\/\/i0.wp.com\/vanhaonkicom.test.cchosting.fi\/wp-content\/uploads\/2019\/06\/8.jpg?resize=840%2C931&#038;ssl=1\" alt=\"\" class=\"wp-image-288\" srcset=\"https:\/\/i0.wp.com\/vanhaonkicom.test.cchosting.fi\/wp-content\/uploads\/2019\/06\/8.jpg?w=850&amp;ssl=1 850w, https:\/\/i0.wp.com\/vanhaonkicom.test.cchosting.fi\/wp-content\/uploads\/2019\/06\/8.jpg?resize=271%2C300&amp;ssl=1 271w, https:\/\/i0.wp.com\/vanhaonkicom.test.cchosting.fi\/wp-content\/uploads\/2019\/06\/8.jpg?resize=768%2C851&amp;ssl=1 768w\" sizes=\"auto, (max-width: 709px) 85vw, (max-width: 909px) 67vw, (max-width: 1362px) 62vw, 840px\" \/><figcaption>Voi tarjota seuralle my\u00f6s kalastusaiheisia puut\u00f6it\u00e4, houkutuskaloja ja kaaveita.<\/figcaption><\/figure>\n\n\n\n<p><strong>Kirjallisuus<\/strong><br> Meill\u00e4 ei ole mahdollisuutta ostaa suuria kirjastoja tilan puutteen takia, mutta hyvi\u00e4 yksitt\u00e4isi\u00e4 er\u00e4kirjoja ostamme. Seuramme j\u00e4senet ovat tehneet monia kirjoja.<\/p>\n\n\n\n<figure class=\"wp-block-image\"><img data-recalc-dims=\"1\" loading=\"lazy\" decoding=\"async\" width=\"840\" height=\"471\" src=\"https:\/\/i0.wp.com\/vanhaonkicom.test.cchosting.fi\/wp-content\/uploads\/2019\/06\/8a.jpg?resize=840%2C471&#038;ssl=1\" alt=\"\" class=\"wp-image-289\" srcset=\"https:\/\/i0.wp.com\/vanhaonkicom.test.cchosting.fi\/wp-content\/uploads\/2019\/06\/8a.jpg?resize=1024%2C574&amp;ssl=1 1024w, https:\/\/i0.wp.com\/vanhaonkicom.test.cchosting.fi\/wp-content\/uploads\/2019\/06\/8a.jpg?resize=300%2C168&amp;ssl=1 300w, https:\/\/i0.wp.com\/vanhaonkicom.test.cchosting.fi\/wp-content\/uploads\/2019\/06\/8a.jpg?resize=768%2C430&amp;ssl=1 768w, https:\/\/i0.wp.com\/vanhaonkicom.test.cchosting.fi\/wp-content\/uploads\/2019\/06\/8a.jpg?w=1680&amp;ssl=1 1680w, https:\/\/i0.wp.com\/vanhaonkicom.test.cchosting.fi\/wp-content\/uploads\/2019\/06\/8a.jpg?w=2520&amp;ssl=1 2520w\" sizes=\"auto, (max-width: 709px) 85vw, (max-width: 909px) 67vw, (max-width: 1362px) 62vw, 840px\" \/><\/figure>\n\n\n\n<p><\/p>\n\n\n\n<p><strong>Valokuvat<\/strong><br> Meit\u00e4 kiinnostaa my\u00f6s erityisesti vanhat historialliset kalastuskuvat. Kuvista selvi\u00e4\u00e4 moni historiallinen seikka ja ne ovat t\u00e4rkeit\u00e4 meille.<\/p>\n\n\n\n<figure class=\"wp-block-image\"><img data-recalc-dims=\"1\" loading=\"lazy\" decoding=\"async\" width=\"840\" height=\"800\" src=\"https:\/\/i0.wp.com\/vanhaonkicom.test.cchosting.fi\/wp-content\/uploads\/2019\/06\/9.jpg?resize=840%2C800&#038;ssl=1\" alt=\"\" class=\"wp-image-280\" srcset=\"https:\/\/i0.wp.com\/vanhaonkicom.test.cchosting.fi\/wp-content\/uploads\/2019\/06\/9.jpg?w=1015&amp;ssl=1 1015w, https:\/\/i0.wp.com\/vanhaonkicom.test.cchosting.fi\/wp-content\/uploads\/2019\/06\/9.jpg?resize=300%2C286&amp;ssl=1 300w, https:\/\/i0.wp.com\/vanhaonkicom.test.cchosting.fi\/wp-content\/uploads\/2019\/06\/9.jpg?resize=768%2C732&amp;ssl=1 768w\" sizes=\"auto, (max-width: 709px) 85vw, (max-width: 909px) 67vw, (max-width: 1362px) 62vw, 840px\" \/><figcaption>Suomalaisen vaapun kehitt\u00e4j\u00e4 erakko Toivo Pylv\u00e4l\u00e4inen<br><\/figcaption><\/figure>\n\n\n\n<p>Mit\u00e4 suurempi kalastusv\u00e4line-er\u00e4, niin sit\u00e4 parempi.  Pyrimme vastaaman nopeasti s\u00e4hk\u00f6posteihin, mutta kes\u00e4lomien aikana saattaa olla viivett\u00e4. Me s\u00e4ilyt\u00e4mme kalastuksen historiaa kuvatallentein,  \u00e4\u00e4ninauhoina ja dokumentteina. Wanhat Wehkeet ja Wieheet Ry on oikea paikka kalastuksen historialle. Kaikki korkeimmat hinnat kalastusv\u00e4lineiss\u00e4 Suomessa ovat tulleet huutokaupoissamme.<\/p>\n","protected":false},"excerpt":{"rendered":"<p>Otamme vastaan huutokauppoihin tavaraa, mutta my\u00f6s ostamme suoraan vanhoja kalastusv\u00e4lineit\u00e4. Ostamme vanhoja uistimia, &nbsp;perhokeloja,&nbsp; lohiperhoja, &nbsp;kalastuskeloja,&nbsp; pienpainatteita &nbsp;sek\u00e4 kirjallisuutta. L\u00e4het\u00e4 meille tiedustelu yhteyslomakkeen kautta. Uistimet Kotimaiset vanhat uistimet ovat ker\u00e4ilij\u00f6iden suosikkeja. Ostamme kotimaisia uistimia ja uistineri\u00e4 koko ajan. Asikkalan seutu, Helsingin seutu,\u00a0 Oulun seutu ja Joensuun seutu ovat ne alueet,\u00a0 joista seura on ostanut eniten &hellip; <a href=\"https:\/\/vanhaonkicom.test.cchosting.fi\/?page_id=276\" class=\"more-link\">Jatka lukemista<span class=\"screen-reader-text\"> &#8221;Ostamme&#8221;<\/span><\/a><\/p>\n","protected":false},"author":1,"featured_media":0,"parent":0,"menu_order":0,"comment_status":"closed","ping_status":"closed","template":"","meta":{"_bbp_topic_count":0,"_bbp_reply_count":0,"_bbp_total_topic_count":0,"_bbp_total_reply_count":0,"_bbp_voice_count":0,"_bbp_anonymous_reply_count":0,"_bbp_topic_count_hidden":0,"_bbp_reply_count_hidden":0,"_bbp_forum_subforum_count":0,"footnotes":""},"class_list":["post-276","page","type-page","status-publish","hentry"],"jetpack_sharing_enabled":true,"_links":{"self":[{"href":"https:\/\/vanhaonkicom.test.cchosting.fi\/index.php?rest_route=\/wp\/v2\/pages\/276","targetHints":{"allow":["GET"]}}],"collection":[{"href":"https:\/\/vanhaonkicom.test.cchosting.fi\/index.php?rest_route=\/wp\/v2\/pages"}],"about":[{"href":"https:\/\/vanhaonkicom.test.cchosting.fi\/index.php?rest_route=\/wp\/v2\/types\/page"}],"author":[{"embeddable":true,"href":"https:\/\/vanhaonkicom.test.cchosting.fi\/index.php?rest_route=\/wp\/v2\/users\/1"}],"replies":[{"embeddable":true,"href":"https:\/\/vanhaonkicom.test.cchosting.fi\/index.php?rest_route=%2Fwp%2Fv2%2Fcomments&post=276"}],"version-history":[{"count":13,"href":"https:\/\/vanhaonkicom.test.cchosting.fi\/index.php?rest_route=\/wp\/v2\/pages\/276\/revisions"}],"predecessor-version":[{"id":311,"href":"https:\/\/vanhaonkicom.test.cchosting.fi\/index.php?rest_route=\/wp\/v2\/pages\/276\/revisions\/311"}],"wp:attachment":[{"href":"https:\/\/vanhaonkicom.test.cchosting.fi\/index.php?rest_route=%2Fwp%2Fv2%2Fmedia&parent=276"}],"curies":[{"name":"wp","href":"https:\/\/api.w.org\/{rel}","templated":true}]}}